{"id":85,"date":"2019-11-08T17:29:44","date_gmt":"2019-11-08T16:29:44","guid":{"rendered":"http:\/\/edeum.de\/?page_id=85"},"modified":"2021-01-10T21:26:08","modified_gmt":"2021-01-10T20:26:08","slug":"ueber-uns","status":"publish","type":"page","link":"https:\/\/edeum.de\/?page_id=85","title":{"rendered":"\u00dcber uns"},"content":{"rendered":"\n<p class=\"has-normal-font-size\">EDEUM Notebooks &amp; Computer ist seit 2011 Ihr Berliner IT Ansprechpartner f\u00fcr Privatkunden, sowie kleine und mittelst\u00e4ndische Unternehmen.<br><br><br>Wir\u2026<br><br>\u2026stehen Ihnen gerne beratend zur Seite.<br><br>\u2026k\u00fcmmern uns um eine L\u00f6sung f\u00fcr Ihre Anliegen (Neukauf, Installation, Einrichtung, Fehlerbehebung, Reparatur und mehr).<br><br>\u2026bieten Ihnen individuelle Schulungen im Computer-Bereich.<br><br>\u2026kommen auch gerne direkt zu Ihnen vor Ort.<br><br>\u2026freuen uns auf Sie.<br><br><br>Spezialisiert sind wir auf Computer, Notebooks und Tablets, welche mit Software von Microsoft (Windows und Office) ausgestattet sind.<br><br>Gut bewandert sind wir auch im Umgang mit Ger\u00e4ten, auf denen  Android und iOS installiert sind.<br><br>Doch auch wenn Sie eine der vielen Linux Distributionen nutzen sollten, finden wir gemeinsam eine L\u00f6sung.<br><br>Zudem k\u00fcmmern wir uns auch gerne bei Fragen oder Schwierigkeiten mit Ihren anderen Ger\u00e4ten der Unterhaltungselektronik.<br><br>Nach individueller Absprache und Umsetzbarkeit, k\u00fcmmern wir uns auch gern f\u00fcr Sie um Softwarel\u00f6sungen und\/oder ihr Webdesign.<br><br>Haben Sie noch Fragen zu unseren Leistungen oder m\u00f6chten diese in Anspruch nehmen, rufen Sie uns einfach an unter der 0179 44 06 44 7 oder schreiben Sie uns eine Mail an <a href=\"mailto:information@edeum.de\">information@edeum.de<\/a>.<\/p>\n","protected":false},"excerpt":{"rendered":"<p>EDEUM Notebooks &amp; Computer ist seit 2011 Ihr Berliner IT Ansprechpartner f\u00fcr Privatkunden, sowie kleine und mittelst\u00e4ndische Unternehmen. Wir\u2026 \u2026stehen Ihnen gerne beratend zur Seite.&hellip;<\/p>\n","protected":false},"author":1,"featured_media":0,"parent":0,"menu_order":0,"comment_status":"closed","ping_status":"closed","template":"","meta":{"footnotes":""},"_links":{"self":[{"href":"https:\/\/edeum.de\/index.php?rest_route=\/wp\/v2\/pages\/85"}],"collection":[{"href":"https:\/\/edeum.de\/index.php?rest_route=\/wp\/v2\/pages"}],"about":[{"href":"https:\/\/edeum.de\/index.php?rest_route=\/wp\/v2\/types\/page"}],"author":[{"embeddable":true,"href":"https:\/\/edeum.de\/index.php?rest_route=\/wp\/v2\/users\/1"}],"replies":[{"embeddable":true,"href":"https:\/\/edeum.de\/index.php?rest_route=%2Fwp%2Fv2%2Fcomments&post=85"}],"version-history":[{"count":13,"href":"https:\/\/edeum.de\/index.php?rest_route=\/wp\/v2\/pages\/85\/revisions"}],"predecessor-version":[{"id":205,"href":"https:\/\/edeum.de\/index.php?rest_route=\/wp\/v2\/pages\/85\/revisions\/205"}],"wp:attachment":[{"href":"https:\/\/edeum.de\/index.php?rest_route=%2Fwp%2Fv2%2Fmedia&parent=85"}],"curies":[{"name":"wp","href":"https:\/\/api.w.org\/{rel}","templated":true}]}}